{"id":910,"date":"2024-11-16T22:10:33","date_gmt":"2024-11-16T22:10:33","guid":{"rendered":"https:\/\/usunoz.com\/?page_id=910"},"modified":"2024-12-19T08:37:30","modified_gmt":"2024-12-19T08:37:30","slug":"asli-usluel","status":"publish","type":"page","link":"https:\/\/usunoz.com\/en\/hakkimizda\/asli-usluel\/","title":{"rendered":"Asli Usluel"},"content":{"rendered":"<div data-elementor-type=\"wp-page\" data-elementor-id=\"910\" class=\"elementor elementor-910\" data-elementor-post-type=\"page\">\n\t\t\t\t<div class=\"elementor-element elementor-element-59c8083 e-con-full e-flex e-con e-parent\" data-id=\"59c8083\" data-element_type=\"container\" data-e-type=\"container\">\n\t\t<div class=\"elementor-element elementor-element-810114a e-con-full e-flex e-con e-child\" data-id=\"810114a\" data-element_type=\"container\" data-e-type=\"container\">\n\t\t\t\t<div class=\"elementor-element elementor-element-4084ad4 elementor-widget__width-initial elementor-widget elementor-widget-link-in-bio-var-7\" data-id=\"4084ad4\" data-element_type=\"widget\" data-e-type=\"widget\" data-widget_type=\"link-in-bio-var-7.default\">\n\t\t\t\t<div class=\"elementor-widget-container\">\n\t\t\t\t\t\t\t<div class=\"e-link-in-bio e-link-in-bio-var-7\">\n\t\t\t<div class=\"e-link-in-bio__content\">\n\n\t\t\t\t\t\t<div class=\"e-link-in-bio__identity\">\n\t\t\t\t\t\t\t\t\t<div class=\"e-link-in-bio__identity-image e-link-in-bio__identity-image-cover\">\n\t\t\t\t\t\t\t<img fetchpriority=\"high\" decoding=\"async\" width=\"206\" height=\"300\" src=\"https:\/\/usunoz.com\/wp-content\/uploads\/2024\/11\/asliusluel-1-206x300.png\" class=\"e-link-in-bio__identity-image-element\" alt=\"\" srcset=\"https:\/\/usunoz.com\/wp-content\/uploads\/2024\/11\/asliusluel-1-206x300.png 206w, https:\/\/usunoz.com\/wp-content\/uploads\/2024\/11\/asliusluel-1-8x12.png 8w, https:\/\/usunoz.com\/wp-content\/uploads\/2024\/11\/asliusluel-1.png 519w\" sizes=\"(max-width: 206px) 100vw, 206px\" \/>\t\t\t\t\t\t\t\t\t\t\t\t\t<\/div>\n\t\t\t\t\t\t\t<\/div>\n\t\t\t\t\t<div class=\"e-link-in-bio__bio\">\n\t\t\t\t<h2 class=\"e-link-in-bio__heading\">Atty. Prof. Asl\u0131 E. G\u00fcrb\u00fcz USLUEL<\/h2>\t\t\t\t<h3 class=\"e-link-in-bio__title\">Founding Partner<\/h3>\t\t\t\t\t\t\t\t\t\t\t<\/div>\n\t\t\t\t\t<div class=\"e-link-in-bio__icons has-size-small\">\n\t\t\t\t\t\t\t<div class=\"e-link-in-bio__icon is-size-small\">\n\t\t\t\t\t<a aria-label=\"Email\" class=\"e-link-in-bio__icon-link\" href=\"mailto:asli.usluel@usunoz.com\">\n\t\t\t\t\t\t<span class=\"e-link-in-bio__icon-svg\">\n\t\t\t\t\t\t\t<svg aria-hidden=\"true\" class=\"e-font-icon-svg e-fas-envelope\" viewbox=\"0 0 512 512\" xmlns=\"http:\/\/www.w3.org\/2000\/svg\"><path d=\"M502.3 190.8c3.9-3.1 9.7-.2 9.7 4.7V400c0 26.5-21.5 48-48 48H48c-26.5 0-48-21.5-48-48V195.6c0-5 5.7-7.8 9.7-4.7 22.4 17.4 52.1 39.5 154.1 113.6 21.1 15.4 56.7 47.8 92.2 47.6 35.7.3 72-32.8 92.3-47.6 102-74.1 131.6-96.3 154-113.7zM256 320c23.2.4 56.6-29.2 73.4-41.4 132.7-96.3 142.8-104.7 173.4-128.7 5.8-4.5 9.2-11.5 9.2-18.9v-19c0-26.5-21.5-48-48-48H48C21.5 64 0 85.5 0 112v19c0 7.4 3.4 14.3 9.2 18.9 30.6 23.9 40.7 32.4 173.4 128.7 16.8 12.2 50.2 41.8 73.4 41.4z\"><\/path><\/svg>\t\t\t\t\t\t<\/span>\n\t\t\t\t\t\t\t\t\t\t\t\t\t<span class=\"e-link-in-bio__icon-label\">\n\t\t\t\t\t\t\t\tEmail\t\t\t\t\t\t\t<\/span>\n\t\t\t\t\t\t\t\t\t\t\t<\/a>\n\t\t\t\t<\/div>\n\t\t\t\t\t\t\t<div class=\"e-link-in-bio__icon is-size-small\">\n\t\t\t\t\t<a href=\"https:\/\/www.linkedin.com\/in\/prof-dr-asli-gurbuz-usluel-7b14514\/\" target=\"_blank\" rel=\"noopener \" aria-label=\"LinkedIn\" class=\"e-link-in-bio__icon-link\">\n\t\t\t\t\t\t<span class=\"e-link-in-bio__icon-svg\">\n\t\t\t\t\t\t\t<svg aria-hidden=\"true\" class=\"e-font-icon-svg e-fab-linkedin-in\" viewbox=\"0 0 448 512\" xmlns=\"http:\/\/www.w3.org\/2000\/svg\"><path d=\"M100.28 448H7.4V148.9h92.88zM53.79 108.1C24.09 108.1 0 83.5 0 53.8a53.79 53.79 0 0 1 107.58 0c0 29.7-24.1 54.3-53.79 54.3zM447.9 448h-92.68V302.4c0-34.7-.7-79.2-48.29-79.2-48.29 0-55.69 37.7-55.69 76.7V448h-92.78V148.9h89.08v40.8h1.3c12.4-23.5 42.69-48.3 87.88-48.3 94 0 111.28 61.9 111.28 142.3V448z\"><\/path><\/svg>\t\t\t\t\t\t<\/span>\n\t\t\t\t\t\t\t\t\t\t\t\t\t<span class=\"e-link-in-bio__icon-label\">\n\t\t\t\t\t\t\t\tLinkedIn\t\t\t\t\t\t\t<\/span>\n\t\t\t\t\t\t\t\t\t\t\t<\/a>\n\t\t\t\t<\/div>\n\t\t\t\t\t<\/div>\n\t\t\n\t\t<div class=\"e-link-in-bio__ctas has-type-button\">\n\t\t\t\t\t\t\t<a class=\"e-link-in-bio__cta is-type-button has-corners-round\" href=\"\" download=\"download\">\n\t\t\t\t\t\t\t\t\t\t<span class=\"e-link-in-bio__cta-text\">\n\t\t\t\t\t\t\t\t\t\t\t<\/span>\n\t\t\t\t<\/a>\n\t\t\t\t\t<\/div>\n\t\t\n\t\t\t<\/div>\n\t\t\t<div class=\"e-link-in-bio__bg\">\n\t\t\t\t<div class=\"e-link-in-bio__bg-overlay\"><\/div>\n\t\t\t<\/div>\n\t\t<\/div>\n\t\t\t\t\t\t<\/div>\n\t\t\t\t<\/div>\n\t\t\t\t<\/div>\n\t\t<div class=\"elementor-element elementor-element-0f3fb7a e-con-full e-flex e-con e-child\" data-id=\"0f3fb7a\" data-element_type=\"container\" data-e-type=\"container\">\n\t\t\t\t<div class=\"elementor-element elementor-element-7176107 elementor-widget elementor-widget-text-editor\" data-id=\"7176107\" data-element_type=\"widget\" data-e-type=\"widget\" data-widget_type=\"text-editor.default\">\n\t\t\t\t<div class=\"elementor-widget-container\">\n\t\t\t\t\t\t\t\t\t<p>Prof. Dr. Asl\u0131 E. G\u00fcrb\u00fcz Usluel is an internationally recognized academic and legal expert specializing in commercial law. She has provided numerous legal opinions, acted as an expert witness, served as an arbitrator, and advised international corporations. Beginning her legal career at Ankara University Faculty of Law, she furthered her expertise by completing a master\u2019s degree at Erasmus University Rotterdam and earning her doctorate from Ankara University Social Sciences Institute. She has conducted academic research at prestigious institutions such as the Max Planck Institute in Germany and the Swiss Institute of Comparative Law in Switzerland.<\/p><p>Her areas of expertise include corporate law (mergers and acquisitions, corporate groups, shareholders agreement, share transfer agreements, family constitutions, drafting corporate contracts, corporate governance, joint venture agreements, cooperatives, and trade secrets), sustainability (environmental, social, and governance issues), and negotiable instruments law. She has made significant academic contributions by publishing numerous articles, books, and conference papers at both national and international levels. <em>\u201c<\/em>Currently, she is the principal coordinator of the T\u00dcB\u0130TAK-funded project titled \u201cThe Legal Dimension of Due Diligence in Sustainable Supply Chains within the Framework of Green and Digital Transformation\".<\/p><p>As a professor at Ankara Medipol University Faculty of Law, Dr. Usluel has enriched her academic career by serving in key roles, including as an advisor and committee member for the Ministry of Justice Mediation Department. She has conducted pioneering work on topics such as dispute resolution in international joint venture agreements, shareholders' dividend rights in joint-stock companies, the protection of trade secrets, European green bonds, and the institutionalization of family businesses.<\/p><p>Prof. Dr. Usluel combines her academic expertise, international experience, and multidisciplinary approach to make a lasting impact both in academia and legal practice. Actively conducting research and publishing in Turkish, English, and German, she continues to lead the way in the evolving dynamics of law, contributing to the legal discipline on both national and international levels.<\/p>\t\t\t\t\t\t\t\t<\/div>\n\t\t\t\t<\/div>\n\t\t\t\t<\/div>\n\t\t\t\t<\/div>\n\t\t\t\t<\/div>","protected":false},"excerpt":{"rendered":"<p>Av. Prof. Dr. Asl\u0131 E. G\u00fcrb\u00fcz USLUEL Kurucu Ortak Email LinkedIn Uluslararas\u0131 alanda tan\u0131nan bir akademisyen ve hukuk\u00e7u olan Prof. Dr. Asl\u0131 E. G\u00fcrb\u00fcz Usluel, ticaret hukuku alan\u0131ndaki uzmanl\u0131k konusu ile ilgili bir\u00e7ok hukuki g\u00f6r\u00fc\u015f vermi\u015f, bilirki\u015filik, tahkim hakemli\u011fi ve uluslararas\u0131 \u015firketlerin dan\u0131\u015fmanl\u0131\u011f\u0131n\u0131 \u00fcstlenmi\u015ftir.\u00a0 TED Ankara Koleji&#8217;nin ard\u0131ndan, hukuk kariyerine Ankara \u00dcniversitesi Hukuk Fak\u00fcltesi\u2019nde ba\u015flay\u0131p, [&hellip;]<\/p>\n","protected":false},"author":1,"featured_media":0,"parent":720,"menu_order":0,"comment_status":"closed","ping_status":"closed","template":"elementor_header_footer","meta":{"_coblocks_attr":"","_coblocks_dimensions":"","_coblocks_responsive_height":"","_coblocks_accordion_ie_support":"","footnotes":""},"class_list":["post-910","page","type-page","status-publish","hentry"],"_links":{"self":[{"href":"https:\/\/usunoz.com\/en\/wp-json\/wp\/v2\/pages\/910","targetHints":{"allow":["GET"]}}],"collection":[{"href":"https:\/\/usunoz.com\/en\/wp-json\/wp\/v2\/pages"}],"about":[{"href":"https:\/\/usunoz.com\/en\/wp-json\/wp\/v2\/types\/page"}],"author":[{"embeddable":true,"href":"https:\/\/usunoz.com\/en\/wp-json\/wp\/v2\/users\/1"}],"replies":[{"embeddable":true,"href":"https:\/\/usunoz.com\/en\/wp-json\/wp\/v2\/comments?post=910"}],"version-history":[{"count":23,"href":"https:\/\/usunoz.com\/en\/wp-json\/wp\/v2\/pages\/910\/revisions"}],"predecessor-version":[{"id":1375,"href":"https:\/\/usunoz.com\/en\/wp-json\/wp\/v2\/pages\/910\/revisions\/1375"}],"up":[{"embeddable":true,"href":"https:\/\/usunoz.com\/en\/wp-json\/wp\/v2\/pages\/720"}],"wp:attachment":[{"href":"https:\/\/usunoz.com\/en\/wp-json\/wp\/v2\/media?parent=910"}],"curies":[{"name":"wp","href":"https:\/\/api.w.org\/{rel}","templated":true}]}}