{"id":924,"date":"2024-11-16T22:16:49","date_gmt":"2024-11-16T22:16:49","guid":{"rendered":"https:\/\/usunoz.com\/?page_id=924"},"modified":"2024-12-19T08:37:03","modified_gmt":"2024-12-19T08:37:03","slug":"pinar-altinok","status":"publish","type":"page","link":"https:\/\/usunoz.com\/en\/hakkimizda\/pinar-altinok\/","title":{"rendered":"Pinar Altinok"},"content":{"rendered":"<div data-elementor-type=\"wp-page\" data-elementor-id=\"924\" class=\"elementor elementor-924\" data-elementor-post-type=\"page\">\n\t\t\t\t<div class=\"elementor-element elementor-element-59eb34a e-flex e-con-boxed e-con e-parent\" data-id=\"59eb34a\" data-element_type=\"container\" data-e-type=\"container\">\n\t\t\t\t\t<div class=\"e-con-inner\">\n\t\t\t\t\t<\/div>\n\t\t\t\t<\/div>\n\t\t<div class=\"elementor-element elementor-element-84ac6d5 e-con-full e-flex e-con e-parent\" data-id=\"84ac6d5\" data-element_type=\"container\" data-e-type=\"container\">\n\t\t<div class=\"elementor-element elementor-element-0448272 e-con-full e-flex e-con e-child\" data-id=\"0448272\" data-element_type=\"container\" data-e-type=\"container\">\n\t\t<div class=\"elementor-element elementor-element-010c3fd e-con-full e-flex e-con e-child\" data-id=\"010c3fd\" data-element_type=\"container\" data-e-type=\"container\">\n\t\t<div class=\"elementor-element elementor-element-cf914a4 e-con-full e-flex e-con e-child\" data-id=\"cf914a4\" data-element_type=\"container\" data-e-type=\"container\">\n\t\t\t\t<div class=\"elementor-element elementor-element-be992ee elementor-widget__width-initial elementor-widget elementor-widget-link-in-bio-var-7\" data-id=\"be992ee\" data-element_type=\"widget\" data-e-type=\"widget\" data-widget_type=\"link-in-bio-var-7.default\">\n\t\t\t\t<div class=\"elementor-widget-container\">\n\t\t\t\t\t\t\t<div class=\"e-link-in-bio e-link-in-bio-var-7\">\n\t\t\t<div class=\"e-link-in-bio__content\">\n\n\t\t\t\t\t\t<div class=\"e-link-in-bio__identity\">\n\t\t\t\t\t\t\t\t\t<div class=\"e-link-in-bio__identity-image e-link-in-bio__identity-image-cover\">\n\t\t\t\t\t\t\t<img fetchpriority=\"high\" decoding=\"async\" width=\"208\" height=\"300\" src=\"https:\/\/usunoz.com\/wp-content\/uploads\/2024\/11\/pinaraltinok-208x300.png\" class=\"e-link-in-bio__identity-image-element\" alt=\"\" srcset=\"https:\/\/usunoz.com\/wp-content\/uploads\/2024\/11\/pinaraltinok-208x300.png 208w, https:\/\/usunoz.com\/wp-content\/uploads\/2024\/11\/pinaraltinok.png 340w\" sizes=\"(max-width: 208px) 100vw, 208px\" \/>\t\t\t\t\t\t\t\t\t\t\t\t\t<\/div>\n\t\t\t\t\t\t\t<\/div>\n\t\t\t\t\t<div class=\"e-link-in-bio__bio\">\n\t\t\t\t<h2 class=\"e-link-in-bio__heading\">Assoc. Prof. P\u0131nar Alt\u0131nok ORMANCI<\/h2>\t\t\t\t<h3 class=\"e-link-in-bio__title\">Of Counsel<\/h3>\t\t\t\t\t\t\t\t\t\t\t<\/div>\n\t\t\t\t\t<div class=\"e-link-in-bio__icons has-size-small\">\n\t\t\t\t\t\t\t<div class=\"e-link-in-bio__icon is-size-small\">\n\t\t\t\t\t<a aria-label=\"Email\" class=\"e-link-in-bio__icon-link\" href=\"mailto:altinok@usunoz.com\">\n\t\t\t\t\t\t<span class=\"e-link-in-bio__icon-svg\">\n\t\t\t\t\t\t\t<svg aria-hidden=\"true\" class=\"e-font-icon-svg e-fas-envelope\" viewbox=\"0 0 512 512\" xmlns=\"http:\/\/www.w3.org\/2000\/svg\"><path d=\"M502.3 190.8c3.9-3.1 9.7-.2 9.7 4.7V400c0 26.5-21.5 48-48 48H48c-26.5 0-48-21.5-48-48V195.6c0-5 5.7-7.8 9.7-4.7 22.4 17.4 52.1 39.5 154.1 113.6 21.1 15.4 56.7 47.8 92.2 47.6 35.7.3 72-32.8 92.3-47.6 102-74.1 131.6-96.3 154-113.7zM256 320c23.2.4 56.6-29.2 73.4-41.4 132.7-96.3 142.8-104.7 173.4-128.7 5.8-4.5 9.2-11.5 9.2-18.9v-19c0-26.5-21.5-48-48-48H48C21.5 64 0 85.5 0 112v19c0 7.4 3.4 14.3 9.2 18.9 30.6 23.9 40.7 32.4 173.4 128.7 16.8 12.2 50.2 41.8 73.4 41.4z\"><\/path><\/svg>\t\t\t\t\t\t<\/span>\n\t\t\t\t\t\t\t\t\t\t\t\t\t<span class=\"e-link-in-bio__icon-label\">\n\t\t\t\t\t\t\t\tEmail\t\t\t\t\t\t\t<\/span>\n\t\t\t\t\t\t\t\t\t\t\t<\/a>\n\t\t\t\t<\/div>\n\t\t\t\t\t\t\t<div class=\"e-link-in-bio__icon is-size-small\">\n\t\t\t\t\t<a href=\"https:\/\/www.linkedin.com\/in\/p%C4%B1nar-alt%C4%B1nok-ormanc%C4%B1-314a83147\/\" target=\"_blank\" rel=\"noopener \" aria-label=\"LinkedIn\" class=\"e-link-in-bio__icon-link\">\n\t\t\t\t\t\t<span class=\"e-link-in-bio__icon-svg\">\n\t\t\t\t\t\t\t<svg aria-hidden=\"true\" class=\"e-font-icon-svg e-fab-linkedin-in\" viewbox=\"0 0 448 512\" xmlns=\"http:\/\/www.w3.org\/2000\/svg\"><path d=\"M100.28 448H7.4V148.9h92.88zM53.79 108.1C24.09 108.1 0 83.5 0 53.8a53.79 53.79 0 0 1 107.58 0c0 29.7-24.1 54.3-53.79 54.3zM447.9 448h-92.68V302.4c0-34.7-.7-79.2-48.29-79.2-48.29 0-55.69 37.7-55.69 76.7V448h-92.78V148.9h89.08v40.8h1.3c12.4-23.5 42.69-48.3 87.88-48.3 94 0 111.28 61.9 111.28 142.3V448z\"><\/path><\/svg>\t\t\t\t\t\t<\/span>\n\t\t\t\t\t\t\t\t\t\t\t\t\t<span class=\"e-link-in-bio__icon-label\">\n\t\t\t\t\t\t\t\tLinkedIn\t\t\t\t\t\t\t<\/span>\n\t\t\t\t\t\t\t\t\t\t\t<\/a>\n\t\t\t\t<\/div>\n\t\t\t\t\t<\/div>\n\t\t\n\t\t<div class=\"e-link-in-bio__ctas has-type-button\">\n\t\t\t\t\t\t\t<a class=\"e-link-in-bio__cta is-type-button has-corners-round\" href=\"\" download=\"download\">\n\t\t\t\t\t\t\t\t\t\t<span class=\"e-link-in-bio__cta-text\">\n\t\t\t\t\t\t\t\t\t\t\t<\/span>\n\t\t\t\t<\/a>\n\t\t\t\t\t<\/div>\n\t\t\n\t\t\t<\/div>\n\t\t\t<div class=\"e-link-in-bio__bg\">\n\t\t\t\t<div class=\"e-link-in-bio__bg-overlay\"><\/div>\n\t\t\t<\/div>\n\t\t<\/div>\n\t\t\t\t\t\t<\/div>\n\t\t\t\t<\/div>\n\t\t\t\t<\/div>\n\t\t<div class=\"elementor-element elementor-element-3a54029 e-con-full e-flex e-con e-child\" data-id=\"3a54029\" data-element_type=\"container\" data-e-type=\"container\">\n\t\t\t\t<div class=\"elementor-element elementor-element-3d4b4b7 elementor-widget elementor-widget-text-editor\" data-id=\"3d4b4b7\" data-element_type=\"widget\" data-e-type=\"widget\" data-widget_type=\"text-editor.default\">\n\t\t\t\t<div class=\"elementor-widget-container\">\n\t\t\t\t\t\t\t\t\t<p><strong>Atty. Assoc. Prof. P\u0131nar Alt\u0131nok ORMANCI<\/strong> graduated from Galatasaray University Faculty of Law in 2003. She completed her master\u2019s degree in private international law and international commercial law at Paris I Panth\u00e9on-Sorbonne University as a Jean Monnet Scholar and earned her doctorate at Ankara University Institute of Social Sciences. In 2018, she was awarded the title of Associate Professor in Civil Law.<\/p><p>Alt\u0131nok Ormanc\u0131 has conducted extensive academic research in areas such as Civil Law, Obligations Law, Construction Law, Contract Law, Real Estate Law, and Family Law. She is the author of two books, 'Termination of Continuous Obligations for Just Cause' and 'The Duty to Mitigate Damages.' Her scholarly contributions include national and international articles, books, and book chapters written in Turkish, French, and English across various fields of Civil Law. Ormanc\u0131 has presented papers at numerous symposia both in Turkey and abroad. From 2021 to 2023, she served as a consultant for the project titled<em>'Improving the Effectiveness of Family Courts: Better Protection of the Rights of Family Members.'<\/em> , organized jointly by the European Union and Council of Europe.<\/p><p>Alt\u0131nok Ormanc\u0131 conducted academic research at the Institute of Comparative Law in Lausanne, Switzerland, for three months in both 2009 and 2015, and at the Center for Private Law at the University of Strasbourg in 2023 for another three months. Currently, she serves as a faculty member in the Department of Civil Law at Bilkent University Faculty of Law, where she teaches courses including Special Provisions of Obligations Law, Construction Law, Business Law, and Family Law. Additionally, Alt\u0131nok Ormanc\u0131 is a board member of the Tevfik Fikret Education Foundation.<\/p>\t\t\t\t\t\t\t\t<\/div>\n\t\t\t\t<\/div>\n\t\t\t\t<\/div>\n\t\t\t\t<\/div>\n\t\t\t\t<\/div>\n\t\t\t\t<\/div>\n\t\t\t\t<\/div>","protected":false},"excerpt":{"rendered":"<p>Av. Do\u00e7. Dr. P\u0131nar Alt\u0131nok ORMANCI Dan\u0131\u015fman Email LinkedIn Do\u00e7. Dr. P\u0131nar ALTINOK ORMANCI, 2003 y\u0131l\u0131nda Galatasaray \u00dcniversitesi Hukuk Fak\u00fcltesi\u2019nden mezun olmu\u015ftur. Uluslararas\u0131 \u00f6zel hukuk ve uluslararas\u0131 ticaret hukuku alan\u0131ndaki y\u00fcksek lisans\u0131n\u0131 Jean-Monnet bursuriyeri olarak Paris I Panth\u00e9on-Sorbonne \u00dcniversitesi\u2019nde; \u00a0doktoras\u0131n\u0131 ise Ankara \u00dcniversitesi Sosyal Bilimler Enstit\u00fcs\u00fc\u2019nde tamamlam\u0131\u015ft\u0131r. 2018 y\u0131l\u0131nda Medeni Hukuk alan\u0131nda do\u00e7ent \u00fcnvan\u0131n\u0131 alm\u0131\u015ft\u0131r. [&hellip;]<\/p>\n","protected":false},"author":1,"featured_media":0,"parent":720,"menu_order":0,"comment_status":"closed","ping_status":"closed","template":"elementor_header_footer","meta":{"_coblocks_attr":"","_coblocks_dimensions":"","_coblocks_responsive_height":"","_coblocks_accordion_ie_support":"","footnotes":""},"class_list":["post-924","page","type-page","status-publish","hentry"],"_links":{"self":[{"href":"https:\/\/usunoz.com\/en\/wp-json\/wp\/v2\/pages\/924","targetHints":{"allow":["GET"]}}],"collection":[{"href":"https:\/\/usunoz.com\/en\/wp-json\/wp\/v2\/pages"}],"about":[{"href":"https:\/\/usunoz.com\/en\/wp-json\/wp\/v2\/types\/page"}],"author":[{"embeddable":true,"href":"https:\/\/usunoz.com\/en\/wp-json\/wp\/v2\/users\/1"}],"replies":[{"embeddable":true,"href":"https:\/\/usunoz.com\/en\/wp-json\/wp\/v2\/comments?post=924"}],"version-history":[{"count":7,"href":"https:\/\/usunoz.com\/en\/wp-json\/wp\/v2\/pages\/924\/revisions"}],"predecessor-version":[{"id":1372,"href":"https:\/\/usunoz.com\/en\/wp-json\/wp\/v2\/pages\/924\/revisions\/1372"}],"up":[{"embeddable":true,"href":"https:\/\/usunoz.com\/en\/wp-json\/wp\/v2\/pages\/720"}],"wp:attachment":[{"href":"https:\/\/usunoz.com\/en\/wp-json\/wp\/v2\/media?parent=924"}],"curies":[{"name":"wp","href":"https:\/\/api.w.org\/{rel}","templated":true}]}}