{"id":929,"date":"2024-11-16T22:21:51","date_gmt":"2024-11-16T22:21:51","guid":{"rendered":"https:\/\/usunoz.com\/?page_id=929"},"modified":"2025-04-10T19:54:33","modified_gmt":"2025-04-10T19:54:33","slug":"baris-ozbilen","status":"publish","type":"page","link":"https:\/\/usunoz.com\/en\/hakkimizda\/baris-ozbilen\/","title":{"rendered":"Baris Ozbilen"},"content":{"rendered":"<div data-elementor-type=\"wp-page\" data-elementor-id=\"929\" class=\"elementor elementor-929\" data-elementor-post-type=\"page\">\n\t\t\t\t<div class=\"elementor-element elementor-element-9ee6ec0 e-con-full e-flex e-con e-parent\" data-id=\"9ee6ec0\" data-element_type=\"container\" data-e-type=\"container\">\n\t\t<div class=\"elementor-element elementor-element-f580b65 e-con-full e-flex e-con e-child\" data-id=\"f580b65\" data-element_type=\"container\" data-e-type=\"container\">\n\t\t<div class=\"elementor-element elementor-element-f6cdda8 e-con-full e-flex e-con e-child\" data-id=\"f6cdda8\" data-element_type=\"container\" data-e-type=\"container\">\n\t\t\t\t<div class=\"elementor-element elementor-element-ec1347d elementor-widget__width-initial elementor-widget elementor-widget-link-in-bio-var-7\" data-id=\"ec1347d\" data-element_type=\"widget\" data-e-type=\"widget\" data-widget_type=\"link-in-bio-var-7.default\">\n\t\t\t\t<div class=\"elementor-widget-container\">\n\t\t\t\t\t\t\t<div class=\"e-link-in-bio e-link-in-bio-var-7\">\n\t\t\t<div class=\"e-link-in-bio__content\">\n\n\t\t\t\t\t\t<div class=\"e-link-in-bio__identity\">\n\t\t\t\t\t\t\t\t\t<div class=\"e-link-in-bio__identity-image e-link-in-bio__identity-image-cover\">\n\t\t\t\t\t\t\t<img fetchpriority=\"high\" decoding=\"async\" width=\"193\" height=\"300\" src=\"https:\/\/usunoz.com\/wp-content\/uploads\/2024\/11\/barisozbilen-e1734597312871-193x300.png\" class=\"e-link-in-bio__identity-image-element\" alt=\"\" srcset=\"https:\/\/usunoz.com\/wp-content\/uploads\/2024\/11\/barisozbilen-e1734597312871-193x300.png 193w, https:\/\/usunoz.com\/wp-content\/uploads\/2024\/11\/barisozbilen-e1734597312871-8x12.png 8w, https:\/\/usunoz.com\/wp-content\/uploads\/2024\/11\/barisozbilen-e1734597312871.png 414w\" sizes=\"(max-width: 193px) 100vw, 193px\" \/>\t\t\t\t\t\t\t\t\t\t\t\t\t<\/div>\n\t\t\t\t\t\t\t<\/div>\n\t\t\t\t\t<div class=\"e-link-in-bio__bio\">\n\t\t\t\t<h2 class=\"e-link-in-bio__heading\">Atty. Prof. A. Bar\u0131\u015f \u00d6ZB\u0130LEN<\/h2>\t\t\t\t<h3 class=\"e-link-in-bio__title\">Founding Partner<\/h3>\t\t\t\t\t\t\t\t\t\t\t<\/div>\n\t\t\t\t\t<div class=\"e-link-in-bio__icons has-size-small\">\n\t\t\t\t\t\t\t<div class=\"e-link-in-bio__icon is-size-small\">\n\t\t\t\t\t<a aria-label=\"Email\" class=\"e-link-in-bio__icon-link\" href=\"mailto:ozbilen@usunoz.com\">\n\t\t\t\t\t\t<span class=\"e-link-in-bio__icon-svg\">\n\t\t\t\t\t\t\t<svg aria-hidden=\"true\" class=\"e-font-icon-svg e-fas-envelope\" viewbox=\"0 0 512 512\" xmlns=\"http:\/\/www.w3.org\/2000\/svg\"><path d=\"M502.3 190.8c3.9-3.1 9.7-.2 9.7 4.7V400c0 26.5-21.5 48-48 48H48c-26.5 0-48-21.5-48-48V195.6c0-5 5.7-7.8 9.7-4.7 22.4 17.4 52.1 39.5 154.1 113.6 21.1 15.4 56.7 47.8 92.2 47.6 35.7.3 72-32.8 92.3-47.6 102-74.1 131.6-96.3 154-113.7zM256 320c23.2.4 56.6-29.2 73.4-41.4 132.7-96.3 142.8-104.7 173.4-128.7 5.8-4.5 9.2-11.5 9.2-18.9v-19c0-26.5-21.5-48-48-48H48C21.5 64 0 85.5 0 112v19c0 7.4 3.4 14.3 9.2 18.9 30.6 23.9 40.7 32.4 173.4 128.7 16.8 12.2 50.2 41.8 73.4 41.4z\"><\/path><\/svg>\t\t\t\t\t\t<\/span>\n\t\t\t\t\t\t\t\t\t\t\t\t\t<span class=\"e-link-in-bio__icon-label\">\n\t\t\t\t\t\t\t\tEmail\t\t\t\t\t\t\t<\/span>\n\t\t\t\t\t\t\t\t\t\t\t<\/a>\n\t\t\t\t<\/div>\n\t\t\t\t\t\t\t<div class=\"e-link-in-bio__icon is-size-small\">\n\t\t\t\t\t<a href=\"https:\/\/www.linkedin.com\/in\/prof-dr-a-bar%C4%B1%C5%9F-%C3%B6zbilen-678968343\/\" target=\"_blank\" rel=\"noopener \" aria-label=\"LinkedIn\" class=\"e-link-in-bio__icon-link\">\n\t\t\t\t\t\t<span class=\"e-link-in-bio__icon-svg\">\n\t\t\t\t\t\t\t<svg aria-hidden=\"true\" class=\"e-font-icon-svg e-fab-linkedin-in\" viewbox=\"0 0 448 512\" xmlns=\"http:\/\/www.w3.org\/2000\/svg\"><path d=\"M100.28 448H7.4V148.9h92.88zM53.79 108.1C24.09 108.1 0 83.5 0 53.8a53.79 53.79 0 0 1 107.58 0c0 29.7-24.1 54.3-53.79 54.3zM447.9 448h-92.68V302.4c0-34.7-.7-79.2-48.29-79.2-48.29 0-55.69 37.7-55.69 76.7V448h-92.78V148.9h89.08v40.8h1.3c12.4-23.5 42.69-48.3 87.88-48.3 94 0 111.28 61.9 111.28 142.3V448z\"><\/path><\/svg>\t\t\t\t\t\t<\/span>\n\t\t\t\t\t\t\t\t\t\t\t\t\t<span class=\"e-link-in-bio__icon-label\">\n\t\t\t\t\t\t\t\tLinkedIn\t\t\t\t\t\t\t<\/span>\n\t\t\t\t\t\t\t\t\t\t\t<\/a>\n\t\t\t\t<\/div>\n\t\t\t\t\t<\/div>\n\t\t\n\t\t<div class=\"e-link-in-bio__ctas has-type-button\">\n\t\t\t\t\t\t\t<a class=\"e-link-in-bio__cta is-type-button has-corners-round\" href=\"\" download=\"download\">\n\t\t\t\t\t\t\t\t\t\t<span class=\"e-link-in-bio__cta-text\">\n\t\t\t\t\t\t\t\t\t\t\t<\/span>\n\t\t\t\t<\/a>\n\t\t\t\t\t<\/div>\n\t\t\n\t\t\t<\/div>\n\t\t\t<div class=\"e-link-in-bio__bg\">\n\t\t\t\t<div class=\"e-link-in-bio__bg-overlay\"><\/div>\n\t\t\t<\/div>\n\t\t<\/div>\n\t\t\t\t\t\t<\/div>\n\t\t\t\t<\/div>\n\t\t\t\t<\/div>\n\t\t<div class=\"elementor-element elementor-element-cf3695a e-con-full e-flex e-con e-child\" data-id=\"cf3695a\" data-element_type=\"container\" data-e-type=\"container\">\n\t\t\t\t<div class=\"elementor-element elementor-element-832b4b4 elementor-widget elementor-widget-text-editor\" data-id=\"832b4b4\" data-element_type=\"widget\" data-e-type=\"widget\" data-widget_type=\"text-editor.default\">\n\t\t\t\t<div class=\"elementor-widget-container\">\n\t\t\t\t\t\t\t\t\t<p>Atty. Prof. A. Bar\u0131\u015f \u00d6zbilen, LLB, completed his undergraduate studies at Galatasaray University Faculty of Law. He earned his master\u2019s degree from Paris I Panth\u00e9on-Sorbonne University with a thesis titled 'La Responsabilit\u00e9 M\u00e9dicale en Mati\u00e8re de Diagnostic Pr\u00e9natal' ('Medical Liability in Prenatal Diagnosis') and received his doctorate in law from Galatasaray University. \u00d6zbilen began his academic career in 2004 as a research assistant at Istanbul Commerce University Faculty of Law, becoming an assistant professor in 2012. In 2016, he joined Bilkent University Faculty of Law, and in 2018, he was awarded the title of Associate Professor in Civil Law. In 2025, he was appointed as a Professor in Civil Law at Ankara Medipol University Faculty of Law.<\/p><p><br dir=\"auto\">\u00d6zbilen has conducted in-depth research in areas such as property law, obligations law, family law, personal law, inheritance law, and health law, making significant contributions to the field of civil law through his books, articles, and presentations. Among his many national and international publications are his notable works, 'Form of Contracts and Invalidity Due to Non-Compliance with Formal Requirements' (2016) and 'Legal Transactions Concerning Human-Derived Biological Materials' (2011). Supported by the T\u00dcB\u0130TAK Scientist Support Scholarship, Dr. \u00d6zbilen carried out research at the Health Law Institute of the University of Neuch\u00e2tel in Switzerland and conducted academic studies at the Max Planck Institute for Comparative Law in Hamburg and the University of Bonn. He has presented papers in foreign languages at scientific conferences held in countries such as France, Italy, Germany, Spain, and Belgium.&nbsp;&nbsp;&nbsp; <br dir=\"auto\"><br dir=\"auto\">Currently a faculty member at Ankara Medipol University Faculty of Law, \u00d6zbilen has also held numerous administrative roles, including Vice Dean, member of the Faculty Board and Faculty Administrative Board, and member of the University Ethics Committee. Alongside his academic career, he has participated in various national and international projects, including studies on the harmonization of European Union legal practices. Additionally, he has played active roles in several social and scientific organizations, serving as a founding member of the Family Law Association, a member of the T\u00dcSEB Science Commission, and a board member of the Ankara Education Association. While successfully balancing his academic and administrative responsibilities, Atty. Prof. \u00d6zbilen continues to impart his extensive legal knowledge to new generations through undergraduate and graduate courses.<\/p>\t\t\t\t\t\t\t\t<\/div>\n\t\t\t\t<\/div>\n\t\t\t\t<\/div>\n\t\t\t\t<\/div>\n\t\t\t\t<\/div>\n\t\t\t\t<\/div>","protected":false},"excerpt":{"rendered":"<p>Av. Prof. Dr. A. Bar\u0131\u015f \u00d6ZB\u0130LEN Kurucu Ortak Email LinkedIn Av. Prof. Dr. A. Bar\u0131\u015f \u00d6zbilen, lisans e\u011fitimini Galatasaray \u00dcniversitesi Hukuk Fak\u00fcltesi\u2019nde tamamlam\u0131\u015ft\u0131r. \u201cLa Responsabilit\u00e9 M\u00e9dicale en Mati\u00e8re de Diagnostic Pr\u00e9natal (Do\u011fum \u00d6ncesi Te\u015fhis Alan\u0131nda Hekimin Hukuk\u00ee Sorumlulu\u011fu)\u201d konusunda yazd\u0131\u011f\u0131 y\u00fcksek lisans tezi ile Paris I- Panth\u00e9on Sorbonne \u00dcniversitesi\u2019nden mezun olan \u00d6zbilen, hukuk doktoru unvan\u0131n\u0131 [&hellip;]<\/p>\n","protected":false},"author":1,"featured_media":0,"parent":720,"menu_order":0,"comment_status":"closed","ping_status":"closed","template":"elementor_header_footer","meta":{"_coblocks_attr":"","_coblocks_dimensions":"","_coblocks_responsive_height":"","_coblocks_accordion_ie_support":"","footnotes":""},"class_list":["post-929","page","type-page","status-publish","hentry"],"_links":{"self":[{"href":"https:\/\/usunoz.com\/en\/wp-json\/wp\/v2\/pages\/929","targetHints":{"allow":["GET"]}}],"collection":[{"href":"https:\/\/usunoz.com\/en\/wp-json\/wp\/v2\/pages"}],"about":[{"href":"https:\/\/usunoz.com\/en\/wp-json\/wp\/v2\/types\/page"}],"author":[{"embeddable":true,"href":"https:\/\/usunoz.com\/en\/wp-json\/wp\/v2\/users\/1"}],"replies":[{"embeddable":true,"href":"https:\/\/usunoz.com\/en\/wp-json\/wp\/v2\/comments?post=929"}],"version-history":[{"count":16,"href":"https:\/\/usunoz.com\/en\/wp-json\/wp\/v2\/pages\/929\/revisions"}],"predecessor-version":[{"id":1410,"href":"https:\/\/usunoz.com\/en\/wp-json\/wp\/v2\/pages\/929\/revisions\/1410"}],"up":[{"embeddable":true,"href":"https:\/\/usunoz.com\/en\/wp-json\/wp\/v2\/pages\/720"}],"wp:attachment":[{"href":"https:\/\/usunoz.com\/en\/wp-json\/wp\/v2\/media?parent=929"}],"curies":[{"name":"wp","href":"https:\/\/api.w.org\/{rel}","templated":true}]}}